{"id":51,"date":"2015-12-08T15:51:36","date_gmt":"2015-12-08T15:51:36","guid":{"rendered":"http:\/\/sylphium.com\/lifesciences\/?page_id=51"},"modified":"2015-12-09T08:39:51","modified_gmt":"2015-12-09T08:39:51","slug":"microbiele-productie-van-hoogwaardige-voedingsingredienten","status":"publish","type":"page","link":"https:\/\/sylphium.com\/lifesciences\/microbiele-productie-van-hoogwaardige-voedingsingredienten\/","title":{"rendered":"Microbi\u00eble productie van hoogwaardige voedingsingredi\u00ebnten"},"content":{"rendered":"<p>Op biotechnologisch terrein hebben zich recentelijk een aantal ontwikkelingen voorgedaan, die productie van natuurlijke hoogwaardige voedingsingredi\u00ebnten zoals caroteno\u00efden en terpeno\u00efden met micro-organismen economisch haalbaar maakt. Microbi\u00eble productie levert een natuurlijk product op dat vrij is van bijproducten en aanzienlijk minder energie en grondstoffen verbruikt dan chemische synthese. Biotechnologische productie van deze hoogwaardige voedingsingredi\u00ebnten (witte biotechnologie) is een opkomende en\u00a0zeer veel belovende technologie die een\u00a0enorm marktpotentieel vertegenwoordigd.<\/p>\n<p>Sylphium Life Sciences heeft samen met IMEnz Bioengineering en de Rijksuniversiteit Groningen financi\u00eble ondersteuning ontvangen van het Samenwerkingsverband Noord-Nederland, programma Koers Noord. Met deze ondersteuning zijn\u00a0de partijen een project gestart\u00a0dat\u00a0een volgende stap in de biotechnologische productie van hoogwaardige voedingsingredi\u00ebnten gaat zetten. Het microbi\u00eble productiesysteem dat we met dit project willen gaan ontwikkelen zal een effici\u00ebnter en economisch rendabeler systeem opleveren dan de thans gangbare systemen. Daarnaast wordt technologie ingezet om de micro-organismen te kweken op reststromen uit de agri-industrie. Hiermee ontstaat een zeer duurzaam en vrijwel milieu neutraal productieproces. Bovenal zal het gebruik van deze zeer goedkope reststromen ervoor zorgen dat het proces met zeer lage kosten kan worden uitgevoerd wat de rendabiliteit van het proces zeer ten goede zal komen.<\/p>\n<p>&nbsp;<\/p>\n<p>Dit project wordt mede gefinancierd door Samenwerkingsverband Noord-Nederland (SNN), Koers Noord.<\/p>\n<p>&nbsp;<\/p>\n<p><a href=\"http:\/\/sylphium.com\/lifesciences\/wp-content\/uploads\/sites\/4\/2015\/12\/snn_logo-1.jpg\"><img loading=\"lazy\" decoding=\"async\" class=\"alignleft wp-image-54 \" src=\"http:\/\/sylphium.com\/lifesciences\/wp-content\/uploads\/sites\/4\/2015\/12\/snn_logo-1-300x187.jpg\" alt=\"snn_logo (1)\" width=\"261\" height=\"163\" srcset=\"https:\/\/sylphium.com\/lifesciences\/wp-content\/uploads\/sites\/4\/2015\/12\/snn_logo-1-300x187.jpg 300w, https:\/\/sylphium.com\/lifesciences\/wp-content\/uploads\/sites\/4\/2015\/12\/snn_logo-1-1024x638.jpg 1024w, https:\/\/sylphium.com\/lifesciences\/wp-content\/uploads\/sites\/4\/2015\/12\/snn_logo-1.jpg 2000w\" sizes=\"auto, (max-width: 261px) 100vw, 261px\" \/><\/a><a href=\"http:\/\/sylphium.com\/lifesciences\/wp-content\/uploads\/sites\/4\/2015\/12\/EU_Flag.jpg\"><img loading=\"lazy\" decoding=\"async\" class=\"alignright wp-image-56 \" src=\"http:\/\/sylphium.com\/lifesciences\/wp-content\/uploads\/sites\/4\/2015\/12\/EU_Flag-300x204.jpg\" alt=\"EU_Flag\" width=\"247\" height=\"168\" srcset=\"https:\/\/sylphium.com\/lifesciences\/wp-content\/uploads\/sites\/4\/2015\/12\/EU_Flag-300x204.jpg 300w, https:\/\/sylphium.com\/lifesciences\/wp-content\/uploads\/sites\/4\/2015\/12\/EU_Flag-1024x696.jpg 1024w, https:\/\/sylphium.com\/lifesciences\/wp-content\/uploads\/sites\/4\/2015\/12\/EU_Flag.jpg 1160w\" sizes=\"auto, (max-width: 247px) 100vw, 247px\" \/><\/a><\/p>\n<p>&nbsp;<\/p>\n","protected":false},"excerpt":{"rendered":"<p>Op biotechnologisch terrein hebben zich recentelijk een aantal ontwikkelingen voorgedaan, die productie van natuurlijke hoogwaardige voedingsingredi\u00ebnten zoals caroteno\u00efden en terpeno\u00efden met micro-organismen economisch haalbaar maakt. Microbi\u00eble productie levert een natuurlijk product op dat vrij is van bijproducten en aanzienlijk minder energie en grondstoffen verbruikt dan chemische synthese. Biotechnologische productie van deze hoogwaardige voedingsingredi\u00ebnten (witte biotechnologie) &hellip; <\/p>\n<p><a class=\"more-link btn\" href=\"https:\/\/sylphium.com\/lifesciences\/microbiele-productie-van-hoogwaardige-voedingsingredienten\/\">Continue reading<\/a><\/p>\n","protected":false},"author":3,"featured_media":0,"parent":0,"menu_order":0,"comment_status":"closed","ping_status":"closed","template":"","meta":{"footnotes":""},"class_list":["post-51","page","type-page","status-publish","hentry","nodate","item-wrap"],"_links":{"self":[{"href":"https:\/\/sylphium.com\/lifesciences\/wp-json\/wp\/v2\/pages\/51","targetHints":{"allow":["GET"]}}],"collection":[{"href":"https:\/\/sylphium.com\/lifesciences\/wp-json\/wp\/v2\/pages"}],"about":[{"href":"https:\/\/sylphium.com\/lifesciences\/wp-json\/wp\/v2\/types\/page"}],"author":[{"embeddable":true,"href":"https:\/\/sylphium.com\/lifesciences\/wp-json\/wp\/v2\/users\/3"}],"replies":[{"embeddable":true,"href":"https:\/\/sylphium.com\/lifesciences\/wp-json\/wp\/v2\/comments?post=51"}],"version-history":[{"count":5,"href":"https:\/\/sylphium.com\/lifesciences\/wp-json\/wp\/v2\/pages\/51\/revisions"}],"predecessor-version":[{"id":60,"href":"https:\/\/sylphium.com\/lifesciences\/wp-json\/wp\/v2\/pages\/51\/revisions\/60"}],"wp:attachment":[{"href":"https:\/\/sylphium.com\/lifesciences\/wp-json\/wp\/v2\/media?parent=51"}],"curies":[{"name":"wp","href":"https:\/\/api.w.org\/{rel}","templated":true}]}}